{"id":10,"date":"2016-06-17T12:32:03","date_gmt":"2016-06-17T10:32:03","guid":{"rendered":"http:\/\/odvjetnik-jozic.eu\/?page_id=10"},"modified":"2020-10-01T14:36:30","modified_gmt":"2020-10-01T12:36:30","slug":"kontakt","status":"publish","type":"page","link":"https:\/\/odvjetnik-jozic.eu\/en\/kontakt\/","title":{"rendered":"Contact"},"content":{"rendered":"<p><\/p>\n<p style=\"text-align: left;\">Attorney&#8217;s office\u00a0 Dario Jozi\u0107<\/p>\n<p style=\"text-align: left;\">Dra\u0161kovi\u0107eva\u00a0 34, \u00a0 10 000 Zagreb<\/p>\n<p style=\"text-align: left;\"><img loading=\"lazy\" class=\"alignnone size-medium wp-image-254\" src=\"http:\/\/odvjetnik-jozic.eu\/wp-content\/uploads\/2020\/10\/draskoviceva-632x332.png\" alt=\"\" width=\"632\" height=\"332\" srcset=\"https:\/\/odvjetnik-jozic.eu\/wp-content\/uploads\/2020\/10\/draskoviceva-632x332.png 632w, https:\/\/odvjetnik-jozic.eu\/wp-content\/uploads\/2020\/10\/draskoviceva-768x403.png 768w, https:\/\/odvjetnik-jozic.eu\/wp-content\/uploads\/2020\/10\/draskoviceva.png 808w\" sizes=\"(max-width: 632px) 100vw, 632px\" \/><\/p>\n<p>Phone: + (385) 01 \/ 700 2702<br \/>\nGSM. + (385) 091 \/ 533 &#8211; 9001<br \/>\nE-mail: info@odvjetnik-jozic.eu<\/p>\n<p><\/p>","protected":false},"excerpt":{"rendered":"<p>Attorney&#8217;s office\u00a0 Dario Jozi\u0107 Dra\u0161kovi\u0107eva\u00a0 34, \u00a0 10 000 Zagreb Phone: + (385) 01 \/ 700 2702 GSM. + (385) 091 \/ 533 &#8211; 9001 E-mail: info@odvjetnik-jozic.eu<\/p>\n","protected":false},"author":1,"featured_media":0,"parent":0,"menu_order":4,"comment_status":"closed","ping_status":"closed","template":"","meta":[],"_links":{"self":[{"href":"https:\/\/odvjetnik-jozic.eu\/en\/wp-json\/wp\/v2\/pages\/10"}],"collection":[{"href":"https:\/\/odvjetnik-jozic.eu\/en\/wp-json\/wp\/v2\/pages"}],"about":[{"href":"https:\/\/odvjetnik-jozic.eu\/en\/wp-json\/wp\/v2\/types\/page"}],"author":[{"embeddable":true,"href":"https:\/\/odvjetnik-jozic.eu\/en\/wp-json\/wp\/v2\/users\/1"}],"replies":[{"embeddable":true,"href":"https:\/\/odvjetnik-jozic.eu\/en\/wp-json\/wp\/v2\/comments?post=10"}],"version-history":[{"count":27,"href":"https:\/\/odvjetnik-jozic.eu\/en\/wp-json\/wp\/v2\/pages\/10\/revisions"}],"predecessor-version":[{"id":256,"href":"https:\/\/odvjetnik-jozic.eu\/en\/wp-json\/wp\/v2\/pages\/10\/revisions\/256"}],"wp:attachment":[{"href":"https:\/\/odvjetnik-jozic.eu\/en\/wp-json\/wp\/v2\/media?parent=10"}],"curies":[{"name":"wp","href":"https:\/\/api.w.org\/{rel}","templated":true}]}}